{"id":408,"date":"2024-03-05T01:30:46","date_gmt":"2024-03-05T01:30:46","guid":{"rendered":"https:\/\/copywriters.cl\/valbifrut\/?page_id=408"},"modified":"2024-03-21T02:59:21","modified_gmt":"2024-03-21T02:59:21","slug":"sustentabilidad","status":"publish","type":"page","link":"https:\/\/copywriters.cl\/valbifrut\/sustentabilidad\/","title":{"rendered":"Sustentabilidad"},"content":{"rendered":"\n<div class=\"slider-wrapper relative top\" id=\"slider-139293444\" >\n    <div class=\"slider slider-nav-circle slider-nav-large slider-nav-light slider-style-normal\"\n        data-flickity-options='{\n            \"cellAlign\": \"center\",\n            \"imagesLoaded\": true,\n            \"lazyLoad\": 1,\n            \"freeScroll\": false,\n            \"wrapAround\": true,\n            \"autoPlay\": 6000,\n            \"pauseAutoPlayOnHover\" : true,\n            \"prevNextButtons\": true,\n            \"contain\" : true,\n            \"adaptiveHeight\" : true,\n            \"dragThreshold\" : 10,\n            \"percentPosition\": true,\n            \"pageDots\": true,\n            \"rightToLeft\": false,\n            \"draggable\": true,\n            \"selectedAttraction\": 0.1,\n            \"parallax\" : 0,\n            \"friction\": 0.6        }'\n        >\n        \n\n\n  <div class=\"banner has-hover has-slide-effect slide-fade-in\" id=\"banner-813170647\">\n          <div class=\"banner-inner fill\">\n        <div class=\"banner-bg fill\" >\n            <div class=\"bg fill bg-fill \"><\/div>\n                        <div class=\"overlay\"><\/div>            \n                    <\/div>\n\t\t\n        <div class=\"banner-layers container\">\n            <div class=\"fill banner-link\"><\/div>            \n\n   <div id=\"text-box-1989135960\" class=\"text-box banner-layer x50 md-x50 lg-x50 y50 md-y50 lg-y50 res-text\">\n                     <div data-animate=\"fadeInLeft\">           <div class=\"text-box-content text dark\">\n              \n              <div class=\"text-inner text-center\">\n                  \n\n\t<div id=\"text-3747260105\" class=\"text\">\n\t\t\n\n<h3><strong>Sustentabilidad<\/strong><\/h3>\n\t\t\n<style>\n#text-3747260105 {\n  font-size: 1rem;\n  text-align: center;\n}\n@media (min-width:550px) {\n  #text-3747260105 {\n    font-size: 1.6rem;\n  }\n}\n<\/style>\n\t<\/div>\n\t\n\n              <\/div>\n           <\/div>\n       <\/div>                     \n<style>\n#text-box-1989135960 {\n  width: 60%;\n}\n#text-box-1989135960 .text-box-content {\n  font-size: 100%;\n}\n<\/style>\n    <\/div>\n \n\n        <\/div>\n      <\/div>\n\n            \n<style>\n#banner-813170647 {\n  padding-top: 300px;\n}\n#banner-813170647 .bg.bg-loaded {\n  background-image: url(https:\/\/copywriters.cl\/valbifrut\/wp-content\/uploads\/2024\/03\/Rectangle-20-3-1400x731.png);\n}\n#banner-813170647 .overlay {\n  background-color: rgba(0, 0, 0, 0.17);\n}\n@media (min-width:550px) {\n  #banner-813170647 {\n    padding-top: 500px;\n  }\n}\n<\/style>\n  <\/div>\n\n\n\n     <\/div>\n\n     <div class=\"loading-spin dark large centered\"><\/div>\n\n\t<\/div>\n\n\n\t<section class=\"section\" id=\"section_1481800659\">\n\t\t<div class=\"bg section-bg fill bg-fill  \" >\n\n\t\t\t\n\t\t\t\n\t\t\t\n\n\t\t<\/div>\n\n\t\t\n\n\t\t<div class=\"section-content relative\">\n\t\t\t\n\n\t<div id=\"gap-1470568514\" class=\"gap-element clearfix\" style=\"display:block; height:auto;\">\n\t\t\n<style>\n#gap-1470568514 {\n  padding-top: 60px;\n}\n<\/style>\n\t<\/div>\n\t\n\n<div class=\"container section-title-container\" ><h1 class=\"section-title section-title-normal\"><b><\/b><span class=\"section-title-main\" style=\"color:rgb(72, 59, 29);\">Paneles solares, KW<\/span><b><\/b><\/h1><\/div>\n\n<div class=\"row row-solid\"  id=\"row-804361842\">\n\n\n\t<div id=\"col-2045099916\" class=\"col medium-4 small-12 large-4\"  >\n\t\t\t\t<div class=\"col-inner\"  >\n\t\t\t\n\t\t\t\n\n\n\t\t<div class=\"icon-box featured-box icon-box-center text-center\"  >\n\t\t\t\t<div class=\"icon-box-text last-reset\">\n\t\t\t\t\t\t\t\t\t\n\n\t<div id=\"text-1704668352\" class=\"text\">\n\t\t\n\n<p style=\"text-align: left;\">El Grupo Valbifrut est\u00e1 comprometido con la <strong>sustentabilidad y la\u00a0reducci\u00f3n \u2028de las emisiones de CO2<\/strong><\/p>\n\t\t\n<style>\n#text-1704668352 {\n  color: rgb(72, 59, 29);\n}\n#text-1704668352 > * {\n  color: rgb(72, 59, 29);\n}\n<\/style>\n\t<\/div>\n\t\n\n\t\t<\/div>\n\t<\/div>\n\t\n\t\n\t<div id=\"gap-9919599\" class=\"gap-element clearfix\" style=\"display:block; height:auto;\">\n\t\t\n<style>\n#gap-9919599 {\n  padding-top: 30px;\n}\n<\/style>\n\t<\/div>\n\t\n\n\n\t\t<\/div>\n\t\t\t\t\t<\/div>\n\n\t\n\n\t<div id=\"col-696852519\" class=\"col medium-4 small-12 large-4\"  >\n\t\t\t\t<div class=\"col-inner\"  >\n\t\t\t\n\t\t\t\n\n\n\t\t<div class=\"icon-box featured-box icon-box-center text-center\"  >\n\t\t\t\t<div class=\"icon-box-text last-reset\">\n\t\t\t\t\t\t\t\t\t\n\n\t<div id=\"text-2807032689\" class=\"text\">\n\t\t\n\n<p style=\"text-align: left;\"><strong>Hemos logrado reducir en un 80%\u00a0en el consumo el\u00e9ctrico en todas nuestras instalaciones agr\u00edcolas mediante instalaci\u00f3n de paneles solares<\/strong><\/p>\n\t\t\n<style>\n#text-2807032689 {\n  color: rgb(72, 59, 29);\n}\n#text-2807032689 > * {\n  color: rgb(72, 59, 29);\n}\n<\/style>\n\t<\/div>\n\t\n\n\t\t<\/div>\n\t<\/div>\n\t\n\t\n\n\t\t<\/div>\n\t\t\t\t\t<\/div>\n\n\t\n\n\t<div id=\"col-2075626998\" class=\"col medium-4 small-12 large-4\"  >\n\t\t\t\t<div class=\"col-inner\"  >\n\t\t\t\n\t\t\t\n\n\n\t\t<div class=\"icon-box featured-box icon-box-center text-center\"  >\n\t\t\t\t<div class=\"icon-box-text last-reset\">\n\t\t\t\t\t\t\t\t\t\n\n\t<div id=\"text-3166823618\" class=\"text\">\n\t\t\n\n<p style=\"text-align: left;\">Adem\u00e1s, proyecto en planta<strong> Valbifrut de instalaci\u00f3n de paneles solares en los techos.<\/strong> Reducci\u00f3n de 241 toneladas de CO2 anuales, 2.100 m2 de paneles solares.<\/p>\n\t\t\n<style>\n#text-3166823618 {\n  color: rgb(72, 59, 29);\n}\n#text-3166823618 > * {\n  color: rgb(72, 59, 29);\n}\n<\/style>\n\t<\/div>\n\t\n\n\t\t<\/div>\n\t<\/div>\n\t\n\t\n\n\t\t<\/div>\n\t\t\t\t\t<\/div>\n\n\t\n\n\n<style>\n#row-804361842 > .col > .col-inner {\n  padding: 20px 20px 20px 20px;\n}\n<\/style>\n<\/div>\n<div class=\"row row-collapse\"  id=\"row-1605693470\">\n\n\n\t<div id=\"col-1495614589\" class=\"col medium-4 small-12 large-4\"  >\n\t\t\t\t<div class=\"col-inner\"  >\n\t\t\t\n\t\t\t\n\n\t<div id=\"gap-276615524\" class=\"gap-element clearfix\" style=\"display:block; height:auto;\">\n\t\t\n<style>\n#gap-276615524 {\n  padding-top: 30px;\n}\n<\/style>\n\t<\/div>\n\t\n\n\n\t\t<\/div>\n\t\t\t\t\t<\/div>\n\n\t\n\n\n<style>\n#row-1605693470 > .col > .col-inner {\n  padding: 30px 0px 0px 0px;\n}\n<\/style>\n<\/div>\n\n\t\t<\/div>\n\n\t\t\n<style>\n#section_1481800659 {\n  padding-top: 0px;\n  padding-bottom: 0px;\n  background-color: rgb(255, 240, 225);\n}\n#section_1481800659 .section-bg.bg-loaded {\n  background-image: url(https:\/\/copywriters.cl\/valbifrut\/wp-content\/uploads\/2024\/03\/Group-13-1.png);\n}\n#section_1481800659 .section-bg {\n  background-position: 74% 1%;\n}\n<\/style>\n\t<\/section>\n\t\n\t<section class=\"section\" id=\"section_1814371771\">\n\t\t<div class=\"bg section-bg fill bg-fill  bg-loaded\" >\n\n\t\t\t\n\t\t\t\n\t\t\t\n\n\t\t<\/div>\n\n\t\t\n\n\t\t<div class=\"section-content relative\">\n\t\t\t\n\n<div class=\"row\"  id=\"row-1617550887\">\n\n\n\t<div id=\"col-728700863\" class=\"col small-12 large-12\"  >\n\t\t\t\t<div class=\"col-inner\"  >\n\t\t\t\n\t\t\t\n\n\n  \n    <div class=\"row large-columns-3 medium-columns- small-columns-2\" >\n  <div class=\"gallery-col col\" >\n          <div class=\"col-inner\">\n            <a class=\"image-lightbox lightbox-gallery\" href=\"https:\/\/copywriters.cl\/valbifrut\/wp-content\/uploads\/2024\/03\/Rectangle-34-1-1.png\" title=\"\">            <div class=\"box has-hover gallery-box box-overlay dark\">\n              <div class=\"box-image\" >\n                <img loading=\"lazy\" decoding=\"async\" width=\"295\" height=\"400\" src=\"https:\/\/copywriters.cl\/valbifrut\/wp-content\/uploads\/2024\/03\/Rectangle-34-1-1-295x400.png\" class=\"attachment-medium size-medium\" alt=\"\" ids=\"419,418,417\" columns=\"3\" srcset=\"https:\/\/copywriters.cl\/valbifrut\/wp-content\/uploads\/2024\/03\/Rectangle-34-1-1-295x400.png 295w, https:\/\/copywriters.cl\/valbifrut\/wp-content\/uploads\/2024\/03\/Rectangle-34-1-1.png 384w\" sizes=\"(max-width: 295px) 100vw, 295px\" \/>                                  <div class=\"overlay fill\"\n                      style=\"background-color: rgba(0,0,0,.15)\">\n                  <\/div>\n                                                              <\/div>\n              <div class=\"box-text text-left\" >\n                 <p><\/p>\n              <\/div>\n            <\/div>\n            <\/a>          <\/div>\n         <\/div><div class=\"gallery-col col\" >\n          <div class=\"col-inner\">\n            <a class=\"image-lightbox lightbox-gallery\" href=\"https:\/\/copywriters.cl\/valbifrut\/wp-content\/uploads\/2024\/03\/Rectangle-35-1-1.png\" title=\"\">            <div class=\"box has-hover gallery-box box-overlay dark\">\n              <div class=\"box-image\" >\n                <img loading=\"lazy\" decoding=\"async\" width=\"295\" height=\"400\" src=\"https:\/\/copywriters.cl\/valbifrut\/wp-content\/uploads\/2024\/03\/Rectangle-35-1-1-295x400.png\" class=\"attachment-medium size-medium\" alt=\"\" ids=\"419,418,417\" columns=\"3\" srcset=\"https:\/\/copywriters.cl\/valbifrut\/wp-content\/uploads\/2024\/03\/Rectangle-35-1-1-295x400.png 295w, https:\/\/copywriters.cl\/valbifrut\/wp-content\/uploads\/2024\/03\/Rectangle-35-1-1.png 384w\" sizes=\"(max-width: 295px) 100vw, 295px\" \/>                                  <div class=\"overlay fill\"\n                      style=\"background-color: rgba(0,0,0,.15)\">\n                  <\/div>\n                                                              <\/div>\n              <div class=\"box-text text-left\" >\n                 <p><\/p>\n              <\/div>\n            <\/div>\n            <\/a>          <\/div>\n         <\/div><div class=\"gallery-col col\" >\n          <div class=\"col-inner\">\n            <a class=\"image-lightbox lightbox-gallery\" href=\"https:\/\/copywriters.cl\/valbifrut\/wp-content\/uploads\/2024\/03\/Rectangle-36-1.png\" title=\"\">            <div class=\"box has-hover gallery-box box-overlay dark\">\n              <div class=\"box-image\" >\n                <img loading=\"lazy\" decoding=\"async\" width=\"295\" height=\"400\" src=\"https:\/\/copywriters.cl\/valbifrut\/wp-content\/uploads\/2024\/03\/Rectangle-36-1-295x400.png\" class=\"attachment-medium size-medium\" alt=\"\" ids=\"419,418,417\" columns=\"3\" srcset=\"https:\/\/copywriters.cl\/valbifrut\/wp-content\/uploads\/2024\/03\/Rectangle-36-1-295x400.png 295w, https:\/\/copywriters.cl\/valbifrut\/wp-content\/uploads\/2024\/03\/Rectangle-36-1.png 384w\" sizes=\"(max-width: 295px) 100vw, 295px\" \/>                                  <div class=\"overlay fill\"\n                      style=\"background-color: rgba(0,0,0,.15)\">\n                  <\/div>\n                                                              <\/div>\n              <div class=\"box-text text-left\" >\n                 <p><\/p>\n              <\/div>\n            <\/div>\n            <\/a>          <\/div>\n         <\/div><\/div>\n\n\n\t\t<\/div>\n\t\t\t\t\t<\/div>\n\n\t\n\n<\/div>\n\n\t\t<\/div>\n\n\t\t\n<style>\n#section_1814371771 {\n  padding-top: 30px;\n  padding-bottom: 30px;\n}\n<\/style>\n\t<\/section>\n\t\n\t<section class=\"section\" id=\"section_1111789268\">\n\t\t<div class=\"bg section-bg fill bg-fill  bg-loaded\" >\n\n\t\t\t\n\t\t\t\n\t\t\t\n\n\t\t<\/div>\n\n\t\t\n\n\t\t<div class=\"section-content relative\">\n\t\t\t\n\n<div class=\"row row-small align-center\"  id=\"row-667099082\">\n\n\n\t<div id=\"col-1588849331\" class=\"col medium-10 small-12 large-6\"  >\n\t\t\t\t<div class=\"col-inner\"  >\n\t\t\t\n\t\t\t\n\n\n\t\t<div class=\"icon-box featured-box btn-eco icon-box-left text-left\"  >\n\t\t\t\t\t<div class=\"icon-box-img\" style=\"width: 60px\">\n\t\t\t\t<div class=\"icon\">\n\t\t\t\t\t<div class=\"icon-inner\" >\n\t\t\t\t\t\t<img loading=\"lazy\" decoding=\"async\" width=\"78\" height=\"75\" src=\"https:\/\/copywriters.cl\/valbifrut\/wp-content\/uploads\/2024\/03\/Group-13-2.png\" class=\"attachment-medium size-medium\" alt=\"\" \/>\t\t\t\t\t<\/div>\n\t\t\t\t<\/div>\n\t\t\t<\/div>\n\t\t\t\t<div class=\"icon-box-text last-reset\">\n\t\t\t\t\t\t\t\t\t\n\n<h3><strong>Todas nuestras cajas y bolsas de envasado son 100% reciclables<\/strong><\/h3>\n\n\t\t<\/div>\n\t<\/div>\n\t\n\t\n\t<div id=\"gap-1012413324\" class=\"gap-element clearfix\" style=\"display:block; height:auto;\">\n\t\t\n<style>\n#gap-1012413324 {\n  padding-top: 30px;\n}\n<\/style>\n\t<\/div>\n\t\n\n\n\t\t<div class=\"icon-box featured-box btn-eco icon-box-left text-left\"  >\n\t\t\t\t\t<div class=\"icon-box-img\" style=\"width: 60px\">\n\t\t\t\t<div class=\"icon\">\n\t\t\t\t\t<div class=\"icon-inner\" >\n\t\t\t\t\t\t<img loading=\"lazy\" decoding=\"async\" width=\"104\" height=\"104\" src=\"https:\/\/copywriters.cl\/valbifrut\/wp-content\/uploads\/2024\/03\/ecological-1.png\" class=\"attachment-medium size-medium\" alt=\"\" srcset=\"https:\/\/copywriters.cl\/valbifrut\/wp-content\/uploads\/2024\/03\/ecological-1.png 104w, https:\/\/copywriters.cl\/valbifrut\/wp-content\/uploads\/2024\/03\/ecological-1-100x100.png 100w\" sizes=\"(max-width: 104px) 100vw, 104px\" \/>\t\t\t\t\t<\/div>\n\t\t\t\t<\/div>\n\t\t\t<\/div>\n\t\t\t\t<div class=\"icon-box-text last-reset\">\n\t\t\t\t\t\t\t\t\t\n\n<h3><strong>La c\u00e1scara resultante del partido es utilizada para generaci\u00f3n de biomasa <\/strong><\/h3>\n\n\t\t<\/div>\n\t<\/div>\n\t\n\t\n\n\t\t<\/div>\n\t\t\t\t\t<\/div>\n\n\t\n\n\t<div id=\"col-985515928\" class=\"col medium-10 small-12 large-6\"  >\n\t\t\t\t<div class=\"col-inner\"  >\n\t\t\t\n\t\t\t\n\n\n\t\t<div class=\"icon-box featured-box btn-eco icon-box-left text-left\"  >\n\t\t\t\t\t<div class=\"icon-box-img\" style=\"width: 60px\">\n\t\t\t\t<div class=\"icon\">\n\t\t\t\t\t<div class=\"icon-inner\" >\n\t\t\t\t\t\t<img loading=\"lazy\" decoding=\"async\" width=\"78\" height=\"75\" src=\"https:\/\/copywriters.cl\/valbifrut\/wp-content\/uploads\/2024\/03\/Group-13-2.png\" class=\"attachment-medium size-medium\" alt=\"\" \/>\t\t\t\t\t<\/div>\n\t\t\t\t<\/div>\n\t\t\t<\/div>\n\t\t\t\t<div class=\"icon-box-text last-reset\">\n\t\t\t\t\t\t\t\t\t\n\n<h3><strong>El cart\u00f3n est\u00e1 compuesto por un 36% de material reciclable<\/strong><\/h3>\n\n\t\t<\/div>\n\t<\/div>\n\t\n\t\n\t<div id=\"gap-1925982343\" class=\"gap-element clearfix\" style=\"display:block; height:auto;\">\n\t\t\n<style>\n#gap-1925982343 {\n  padding-top: 30px;\n}\n<\/style>\n\t<\/div>\n\t\n\n\n\t\t<div class=\"icon-box featured-box btn-eco icon-box-left text-left\"  >\n\t\t\t\t\t<div class=\"icon-box-img\" style=\"width: 60px\">\n\t\t\t\t<div class=\"icon\">\n\t\t\t\t\t<div class=\"icon-inner\" >\n\t\t\t\t\t\t<img loading=\"lazy\" decoding=\"async\" width=\"78\" height=\"78\" src=\"https:\/\/copywriters.cl\/valbifrut\/wp-content\/uploads\/2024\/03\/g22509.png\" class=\"attachment-medium size-medium\" alt=\"\" \/>\t\t\t\t\t<\/div>\n\t\t\t\t<\/div>\n\t\t\t<\/div>\n\t\t\t\t<div class=\"icon-box-text last-reset\">\n\t\t\t\t\t\t\t\t\t\n\n<h3><strong>Hemos tomado compromiso con la reducci\u00f3n de la huella de carbono en nuestros procesos<\/strong><\/h3>\n\n\n\t\t<\/div>\n\t<\/div>\n\t\n\t\n\n\t\t<\/div>\n\t\t\t\t\t<\/div>\n\n\t\n\n<\/div>\n\n\t\t<\/div>\n\n\t\t\n<style>\n#section_1111789268 {\n  padding-top: 50px;\n  padding-bottom: 50px;\n  background-color: rgb(170, 202, 155);\n}\n<\/style>\n\t<\/section>\n\t\n<div class=\"row\" style=\"max-width:650px\" id=\"row-1081116890\">\n\n\n\t<div id=\"col-573792259\" class=\"col medium-8 small-12 large-8\"  >\n\t\t\t\t<div class=\"col-inner\"  >\n\t\t\t\n\t\t\t\n\n<p><strong><img loading=\"lazy\" decoding=\"async\" class=\"\" src=\"https:\/\/copywriters.cl\/valbifrut\/wp-content\/uploads\/2024\/03\/fi_1442912.png\" width=\"15\" height=\"17\" \/> Miembros de CEM: Corporaci\u00f3n de Empresas del Maipo que ayuda a gente\u00a0 de escasos recursos en la zona de Maipo<\/strong><\/p>\n<p><strong><img loading=\"lazy\" decoding=\"async\" class=\"\" src=\"https:\/\/copywriters.cl\/valbifrut\/wp-content\/uploads\/2024\/03\/fi_1442912.png\" width=\"15\" height=\"17\" \/> Miembros activos de SMeta 4P<\/strong><\/p>\n\n\t\t<\/div>\n\t\t\t\t\t<\/div>\n\n\t\n\n\t<div id=\"col-1161257418\" class=\"col medium-4 small-12 large-4\"  >\n\t\t\t\t<div class=\"col-inner text-center\"  >\n\t\t\t\n\t\t\t\n\n\t<div class=\"img has-hover x md-x lg-x y md-y lg-y\" id=\"image_2018502138\">\n\t\t\t\t\t\t\t\t<div class=\"img-inner dark\" >\n\t\t\t<img loading=\"lazy\" decoding=\"async\" width=\"281\" height=\"66\" src=\"https:\/\/copywriters.cl\/valbifrut\/wp-content\/uploads\/2024\/03\/logo_cem-1.png\" class=\"attachment-large size-large\" alt=\"\" \/>\t\t\t\t\t\t\n\t\t\t\t\t<\/div>\n\t\t\t\t\t\t\t\t\n<style>\n#image_2018502138 {\n  width: 51%;\n}\n@media (min-width:550px) {\n  #image_2018502138 {\n    width: 100%;\n  }\n}\n<\/style>\n\t<\/div>\n\t\n\n\t<div id=\"gap-1978298972\" class=\"gap-element clearfix\" style=\"display:block; height:auto;\">\n\t\t\n<style>\n#gap-1978298972 {\n  padding-top: 30px;\n}\n<\/style>\n\t<\/div>\n\t\n\n\t<div class=\"img has-hover x md-x lg-x y md-y lg-y\" id=\"image_665621296\">\n\t\t\t\t\t\t\t\t<div class=\"img-inner dark\" >\n\t\t\t<img loading=\"lazy\" decoding=\"async\" width=\"235\" height=\"62\" src=\"https:\/\/copywriters.cl\/valbifrut\/wp-content\/uploads\/2024\/03\/image-2-1.png\" class=\"attachment-large size-large\" alt=\"\" \/>\t\t\t\t\t\t\n\t\t\t\t\t<\/div>\n\t\t\t\t\t\t\t\t\n<style>\n#image_665621296 {\n  width: 50%;\n}\n@media (min-width:550px) {\n  #image_665621296 {\n    width: 80%;\n  }\n}\n<\/style>\n\t<\/div>\n\t\n\n\n\t\t<\/div>\n\t\t\t\t\t<\/div>\n\n\t\n\n<\/div>\n\n","protected":false},"excerpt":{"rendered":"Sustentabilidad Paneles solares, KW El Grupo Valbifrut est\u00e1 comprometido con la sustentabilidad y la\u00a0reducci\u00f3n \u2028de las emisiones de CO2 Hemos logrado reducir en un 80%\u00a0en el consumo el\u00e9ctrico en todas nuestras instalaciones agr\u00edcolas mediante instalaci\u00f3n de paneles solares Adem\u00e1s, proyecto en planta Valbifrut de instalaci\u00f3n de paneles solares en los techos. Reducci\u00f3n de 241 toneladas [...]","protected":false},"author":1,"featured_media":0,"parent":0,"menu_order":0,"comment_status":"closed","ping_status":"closed","template":"page-blank.php","meta":{"footnotes":""},"_links":{"self":[{"href":"https:\/\/copywriters.cl\/valbifrut\/wp-json\/wp\/v2\/pages\/408"}],"collection":[{"href":"https:\/\/copywriters.cl\/valbifrut\/wp-json\/wp\/v2\/pages"}],"about":[{"href":"https:\/\/copywriters.cl\/valbifrut\/wp-json\/wp\/v2\/types\/page"}],"author":[{"embeddable":true,"href":"https:\/\/copywriters.cl\/valbifrut\/wp-json\/wp\/v2\/users\/1"}],"replies":[{"embeddable":true,"href":"https:\/\/copywriters.cl\/valbifrut\/wp-json\/wp\/v2\/comments?post=408"}],"version-history":[{"count":28,"href":"https:\/\/copywriters.cl\/valbifrut\/wp-json\/wp\/v2\/pages\/408\/revisions"}],"predecessor-version":[{"id":803,"href":"https:\/\/copywriters.cl\/valbifrut\/wp-json\/wp\/v2\/pages\/408\/revisions\/803"}],"wp:attachment":[{"href":"https:\/\/copywriters.cl\/valbifrut\/wp-json\/wp\/v2\/media?parent=408"}],"curies":[{"name":"wp","href":"https:\/\/api.w.org\/{rel}","templated":true}]}}